{"id":2458,"date":"2021-06-15T12:47:42","date_gmt":"2021-06-15T09:47:42","guid":{"rendered":"https:\/\/kodukliima.ee\/jarvamaa\/"},"modified":"2025-12-10T13:38:54","modified_gmt":"2025-12-10T11:38:54","slug":"jarvamaa","status":"publish","type":"page","link":"https:\/\/kodukliima.ee\/ru\/jarvamaa\/","title":{"rendered":"J\u00e4rvamaa"},"content":{"rendered":"<h2>\u0422\u043e\u0440\u0433\u043e\u0432\u043e\u0435 \u043f\u0440\u0435\u0434\u0441\u0442\u0430\u0432\u0438\u0442\u0435\u043b\u044c\u0441\u0442\u0432\u043e J\u00e4rvamaa<\/h2>\n<p>Esna vallamaja, Kareda k\u00fcla, J\u00e4rva vald, J\u00e4rvamaa<\/p>\n","protected":false},"excerpt":{"rendered":"<p>\u0422\u043e\u0440\u0433\u043e\u0432\u043e\u0435 \u043f\u0440\u0435\u0434\u0441\u0442\u0430\u0432\u0438\u0442\u0435\u043b\u044c\u0441\u0442\u0432\u043e J\u00e4rvamaa Esna vallamaja, Kareda k\u00fcla, J\u00e4rva vald, J\u00e4rvamaa<\/p>\n","protected":false},"author":3,"featured_media":2017,"parent":0,"menu_order":0,"comment_status":"closed","ping_status":"closed","template":"templates\/tpl_contact.php","meta":{"_acf_changed":false,"footnotes":""},"class_list":["post-2458","page","type-page","status-publish","has-post-thumbnail","hentry","entry"],"acf":[],"_links":{"self":[{"href":"https:\/\/kodukliima.ee\/ru\/wp-json\/wp\/v2\/pages\/2458","targetHints":{"allow":["GET"]}}],"collection":[{"href":"https:\/\/kodukliima.ee\/ru\/wp-json\/wp\/v2\/pages"}],"about":[{"href":"https:\/\/kodukliima.ee\/ru\/wp-json\/wp\/v2\/types\/page"}],"author":[{"embeddable":true,"href":"https:\/\/kodukliima.ee\/ru\/wp-json\/wp\/v2\/users\/3"}],"replies":[{"embeddable":true,"href":"https:\/\/kodukliima.ee\/ru\/wp-json\/wp\/v2\/comments?post=2458"}],"version-history":[{"count":3,"href":"https:\/\/kodukliima.ee\/ru\/wp-json\/wp\/v2\/pages\/2458\/revisions"}],"predecessor-version":[{"id":8706,"href":"https:\/\/kodukliima.ee\/ru\/wp-json\/wp\/v2\/pages\/2458\/revisions\/8706"}],"wp:featuredmedia":[{"embeddable":true,"href":"https:\/\/kodukliima.ee\/ru\/wp-json\/wp\/v2\/media\/2017"}],"wp:attachment":[{"href":"https:\/\/kodukliima.ee\/ru\/wp-json\/wp\/v2\/media?parent=2458"}],"curies":[{"name":"wp","href":"https:\/\/api.w.org\/{rel}","templated":true}]}}